{"id":11,"date":"2026-03-21T08:34:02","date_gmt":"2026-03-21T08:34:02","guid":{"rendered":"https:\/\/johanneswallbaum.de\/?page_id=11"},"modified":"2026-04-03T05:40:46","modified_gmt":"2026-04-03T05:40:46","slug":"elementor-11","status":"publish","type":"page","link":"https:\/\/johanneswallbaum.de\/","title":{"rendered":"Pianist &#038; Klavierunterricht Rhein-Main (Seligenstadt,Frankfurt) | Johannes Wallbaum"},"content":{"rendered":"\t\t<div data-elementor-type=\"wp-post\" data-elementor-id=\"11\" class=\"elementor elementor-11\">\n\t\t\t\t<div class=\"elementor-element elementor-element-2b60c9b e-con-full e-flex e-con e-parent\" data-id=\"2b60c9b\" data-element_type=\"container\" data-e-type=\"container\">\n\t\t<div class=\"elementor-element elementor-element-c284ac5 e-grid e-con-full e-con e-child\" data-id=\"c284ac5\" data-element_type=\"container\" data-e-type=\"container\">\n\t\t\t\t<div class=\"elementor-element elementor-element-21e9cc0 elementor-widget elementor-widget-text-editor\" data-id=\"21e9cc0\" data-element_type=\"widget\" data-e-type=\"widget\" data-widget_type=\"text-editor.default\">\n\t\t\t\t\t\t\t\t\t<p>Johannes Wallbaum<\/p>\t\t\t\t\t\t\t\t<\/div>\n\t\t\t\t<div class=\"elementor-element elementor-element-fd6186e elementor-widget elementor-widget-text-editor\" data-id=\"fd6186e\" data-element_type=\"widget\" data-e-type=\"widget\" data-widget_type=\"text-editor.default\">\n\t\t\t\t\t\t\t\t\t<p><a href=\"mailto:johannes.wallbaum@gmx.de\">Anfragen \/ Kontakt<\/a><\/p>\t\t\t\t\t\t\t\t<\/div>\n\t\t\t\t<\/div>\n\t\t\t\t<\/div>\n\t\t<div class=\"elementor-element elementor-element-3ae0db1 e-con-full e-flex e-con e-parent\" data-id=\"3ae0db1\" data-element_type=\"container\" data-e-type=\"container\">\n\t\t\t\t<div class=\"elementor-element elementor-element-3b9b665 elementor-widget elementor-widget-image\" data-id=\"3b9b665\" data-element_type=\"widget\" data-e-type=\"widget\" data-widget_type=\"image.default\">\n\t\t\t\t\t\t\t\t\t\t\t\t\t\t\t<img decoding=\"async\" src=\"https:\/\/johanneswallbaum.de\/wp-content\/uploads\/2026\/03\/SB_190326_J.W-4.jpg\" title=\"SB_190326_J.W-4\" alt=\"SB_190326_J.W-4\" loading=\"lazy\" \/>\t\t\t\t\t\t\t\t\t\t\t\t\t\t\t<\/div>\n\t\t\t\t<div class=\"elementor-element elementor-element-09f5593 elementor-widget elementor-widget-text-editor\" data-id=\"09f5593\" data-element_type=\"widget\" data-e-type=\"widget\" data-widget_type=\"text-editor.default\">\n\t\t\t\t\t\t\t\t\t<p>Foto: Salar Baygan<\/p>\t\t\t\t\t\t\t\t<\/div>\n\t\t\t\t<\/div>\n\t\t<div class=\"elementor-element elementor-element-dd7916a e-flex e-con-boxed e-con e-parent\" data-id=\"dd7916a\" data-element_type=\"container\" data-e-type=\"container\">\n\t\t\t\t\t<div class=\"e-con-inner\">\n\t\t\t\t<div class=\"elementor-element elementor-element-9bc536c elementor-widget elementor-widget-heading\" data-id=\"9bc536c\" data-element_type=\"widget\" data-e-type=\"widget\" data-widget_type=\"heading.default\">\n\t\t\t\t\t<h2 class=\"elementor-heading-title elementor-size-default\">\nPianist \u00b7 Korrepetitor \u00b7 Musikp\u00e4dagoge<\/h2>\t\t\t\t<\/div>\n\t\t\t\t\t<\/div>\n\t\t\t\t<\/div>\n\t\t<div class=\"elementor-element elementor-element-4c8155c e-con-full e-flex e-con e-parent\" data-id=\"4c8155c\" data-element_type=\"container\" data-e-type=\"container\">\n\t\t\t\t<div class=\"elementor-element elementor-element-9baaf18 elementor-widget elementor-widget-text-editor\" data-id=\"9baaf18\" data-element_type=\"widget\" data-e-type=\"widget\" data-widget_type=\"text-editor.default\">\n\t\t\t\t\t\t\t\t\t<p>Pianist f\u00fcr Konzerte und Veranstaltungen im Rhein-Main-Gebiet\u00a0<\/p><p>Seligenstadt \u00b7 Aschaffenburg \u00b7 Umgebung<\/p><p class=\"isSelectedEnd\">Konzertt\u00e4tigkeit und musikalische Begleitung \u2013 solo oder im Ensemble.<br \/>Live-Musik f\u00fcr Hochzeiten und private Feiern.<\/p><p class=\"isSelectedEnd\">Klavierunterricht in Seligenstadt (Froschhausen).<\/p><p>Arrangements, Tonaufnahmen und Musikproduktion.<\/p>\t\t\t\t\t\t\t\t<\/div>\n\t\t\t\t<\/div>\n\t\t<div class=\"elementor-element elementor-element-535c4b9 e-grid e-con-boxed e-con e-parent\" data-id=\"535c4b9\" data-element_type=\"container\" data-e-type=\"container\">\n\t\t\t\t\t<div class=\"e-con-inner\">\n\t\t\t\t<div class=\"elementor-element elementor-element-e2c0d60 elementor-widget elementor-widget-video\" data-id=\"e2c0d60\" data-element_type=\"widget\" data-e-type=\"widget\" data-settings=\"{&quot;youtube_url&quot;:&quot;https:\\\/\\\/www.youtube.com\\\/watch?v=jFS5P3lBMTQ&quot;,&quot;video_type&quot;:&quot;youtube&quot;,&quot;controls&quot;:&quot;yes&quot;}\" data-widget_type=\"video.default\">\n\t\t\t\t\t\t\t<div class=\"elementor-wrapper elementor-open-inline\">\n\t\t\t<div class=\"elementor-video\"><\/div>\t\t<\/div>\n\t\t\t\t\t\t<\/div>\n\t\t\t\t<div class=\"elementor-element elementor-element-4892f62 elementor-widget elementor-widget-video\" data-id=\"4892f62\" data-element_type=\"widget\" data-e-type=\"widget\" data-settings=\"{&quot;youtube_url&quot;:&quot;https:\\\/\\\/www.youtube.com\\\/watch?v=1GjDQQwwJOc&amp;list=RD1GjDQQwwJOc&amp;start_radio=1&quot;,&quot;video_type&quot;:&quot;youtube&quot;,&quot;controls&quot;:&quot;yes&quot;}\" data-widget_type=\"video.default\">\n\t\t\t\t\t\t\t<div class=\"elementor-wrapper elementor-open-inline\">\n\t\t\t<div class=\"elementor-video\"><\/div>\t\t<\/div>\n\t\t\t\t\t\t<\/div>\n\t\t\t\t<div class=\"elementor-element elementor-element-1176dd9 elementor-widget elementor-widget-video\" data-id=\"1176dd9\" data-element_type=\"widget\" data-e-type=\"widget\" data-settings=\"{&quot;youtube_url&quot;:&quot;https:\\\/\\\/www.youtube.com\\\/watch?v=O6sY5G4Ph3U&amp;list=RDO6sY5G4Ph3U&amp;start_radio=1&quot;,&quot;video_type&quot;:&quot;youtube&quot;,&quot;controls&quot;:&quot;yes&quot;}\" data-widget_type=\"video.default\">\n\t\t\t\t\t\t\t<div class=\"elementor-wrapper elementor-open-inline\">\n\t\t\t<div class=\"elementor-video\"><\/div>\t\t<\/div>\n\t\t\t\t\t\t<\/div>\n\t\t\t\t<div class=\"elementor-element elementor-element-6772abe elementor-widget elementor-widget-video\" data-id=\"6772abe\" data-element_type=\"widget\" data-e-type=\"widget\" data-settings=\"{&quot;youtube_url&quot;:&quot;https:\\\/\\\/www.youtube.com\\\/watch?v=RXUAZjpFIJk&quot;,&quot;video_type&quot;:&quot;youtube&quot;,&quot;controls&quot;:&quot;yes&quot;}\" data-widget_type=\"video.default\">\n\t\t\t\t\t\t\t<div class=\"elementor-wrapper elementor-open-inline\">\n\t\t\t<div class=\"elementor-video\"><\/div>\t\t<\/div>\n\t\t\t\t\t\t<\/div>\n\t\t\t\t\t<\/div>\n\t\t\t\t<\/div>\n\t\t<div class=\"elementor-element elementor-element-8bcb6b3 e-flex e-con-boxed e-con e-parent\" data-id=\"8bcb6b3\" data-element_type=\"container\" data-e-type=\"container\">\n\t\t\t\t\t<div class=\"e-con-inner\">\n\t\t<div class=\"elementor-element elementor-element-6a979c7 e-con-full e-flex e-con e-child\" data-id=\"6a979c7\" data-element_type=\"container\" data-e-type=\"container\">\n\t\t\t\t<div class=\"elementor-element elementor-element-ab61b9d elementor-widget elementor-widget-text-editor\" data-id=\"ab61b9d\" data-element_type=\"widget\" data-e-type=\"widget\" data-widget_type=\"text-editor.default\">\n\t\t\t\t\t\t\t\t\t<p data-start=\"56\" data-end=\"69\"><strong data-start=\"56\" data-end=\"69\">\u00dcber mich<\/strong><\/p><p data-start=\"71\" data-end=\"196\">Arbeitsschwerpunkt in improvisierter Liedbegleitung und stilistisch vielseitigem Klavierspiel zwischen Klassik, Jazz und Pop.<\/p><p data-start=\"198\" data-end=\"327\">Studium an den Musikhochschulen in Frankfurt und Stuttgart mit Schwerpunkten in Schulmusik, Instrumentalp\u00e4dagogik sowie Jazz\/Pop.<\/p><p data-start=\"329\" data-end=\"539\">Lehrauftrag an der Hochschule f\u00fcr Musik und Darstellende Kunst Frankfurt am Main.<\/p><p data-start=\"541\" data-end=\"622\">Unterricht an einer Realschule mit Fokus auf praxisorientierter Musikvermittlung.<\/p><p data-start=\"624\" data-end=\"753\">Regelm\u00e4\u00dfige Arbeit als Korrepetitor mit Ch\u00f6ren und Ensembles sowie Konzertt\u00e4tigkeit in unterschiedlichen Formationen.<\/p>\t\t\t\t\t\t\t\t<\/div>\n\t\t\t\t<\/div>\n\t\t\t\t<div class=\"elementor-element elementor-element-a1e2d42 elementor-widget elementor-widget-text-editor\" data-id=\"a1e2d42\" data-element_type=\"widget\" data-e-type=\"widget\" data-widget_type=\"text-editor.default\">\n\t\t\t\t\t\t\t\t\t<p>Kontakt<\/p><p>Anfragen f\u00fcr Konzerte, Unterricht oder musikalische Begleitung:<\/p><p>[<a href=\"mailto:johannes.wallbaum@gmx.de\">johannes.wallbaum@gmx.de<\/a>]<\/p><p><a href=\"https:\/\/www.instagram.com\/johanneswallbaum?igsh=eGtzaHdwYjRmOTY1&amp;utm_source=qr\" target=\"_blank\" rel=\"noopener\">Instagram<\/a><\/p><p><a href=\"https:\/\/johanneswallbaum.de\/?page_id=17\">Impressum<\/a> <br \/><a href=\"https:\/\/johanneswallbaum.de\/?page_id=3\">Datenschutz<\/a><\/p>\t\t\t\t\t\t\t\t<\/div>\n\t\t\t\t\t<\/div>\n\t\t\t\t<\/div>\n\t\t<div class=\"elementor-element elementor-element-f5e5b8e e-flex e-con-boxed e-con e-parent\" data-id=\"f5e5b8e\" data-element_type=\"container\" data-e-type=\"container\">\n\t\t\t\t\t<div class=\"e-con-inner\">\n\t\t\t\t<div class=\"elementor-element elementor-element-fc0d384 elementor-widget elementor-widget-image\" data-id=\"fc0d384\" data-element_type=\"widget\" data-e-type=\"widget\" data-widget_type=\"image.default\">\n\t\t\t\t\t\t\t\t\t\t\t\t\t\t\t<img fetchpriority=\"high\" decoding=\"async\" width=\"2500\" height=\"1667\" src=\"https:\/\/johanneswallbaum.de\/wp-content\/uploads\/2026\/03\/SB_190326_J.W-1.jpg\" class=\"attachment-full size-full wp-image-49\" alt=\"\" srcset=\"https:\/\/johanneswallbaum.de\/wp-content\/uploads\/2026\/03\/SB_190326_J.W-1.jpg 2500w, https:\/\/johanneswallbaum.de\/wp-content\/uploads\/2026\/03\/SB_190326_J.W-1-300x200.jpg 300w, https:\/\/johanneswallbaum.de\/wp-content\/uploads\/2026\/03\/SB_190326_J.W-1-1024x683.jpg 1024w, https:\/\/johanneswallbaum.de\/wp-content\/uploads\/2026\/03\/SB_190326_J.W-1-768x512.jpg 768w, https:\/\/johanneswallbaum.de\/wp-content\/uploads\/2026\/03\/SB_190326_J.W-1-1536x1024.jpg 1536w, https:\/\/johanneswallbaum.de\/wp-content\/uploads\/2026\/03\/SB_190326_J.W-1-2048x1366.jpg 2048w\" sizes=\"(max-width: 2500px) 100vw, 2500px\" \/>\t\t\t\t\t\t\t\t\t\t\t\t\t\t\t<\/div>\n\t\t\t\t<div class=\"elementor-element elementor-element-91a07e8 elementor-widget elementor-widget-text-editor\" data-id=\"91a07e8\" data-element_type=\"widget\" data-e-type=\"widget\" data-widget_type=\"text-editor.default\">\n\t\t\t\t\t\t\t\t\t<p>Foto: Salar Baygan<\/p>\t\t\t\t\t\t\t\t<\/div>\n\t\t\t\t\t<\/div>\n\t\t\t\t<\/div>\n\t\t\t\t<\/div>\n\t\t","protected":false},"excerpt":{"rendered":"<p>Johannes Wallbaum Anfragen \/ Kontakt Foto: Salar Baygan Pianist \u00b7 Korrepetitor \u00b7 Musikp\u00e4dagoge Pianist f\u00fcr Konzerte und Veranstaltungen im Rhein-Main-Gebiet\u00a0 Seligenstadt \u00b7 Aschaffenburg \u00b7 Umgebung Konzertt\u00e4tigkeit und musikalische Begleitung \u2013 solo oder im Ensemble.Live-Musik f\u00fcr Hochzeiten und private Feiern. Klavierunterricht in Seligenstadt (Froschhausen). Arrangements, Tonaufnahmen und Musikproduktion. https:\/\/www.youtube.com\/watch?v=jFS5P3lBMTQhttps:\/\/www.youtube.com\/watch?v=1GjDQQwwJOc&#038;list=RD1GjDQQwwJOc&#038;start_radio=1https:\/\/www.youtube.com\/watch?v=O6sY5G4Ph3U&#038;list=RDO6sY5G4Ph3U&#038;start_radio=1https:\/\/www.youtube.com\/watch?v=RXUAZjpFIJk \u00dcber mich Arbeitsschwerpunkt in improvisierter Liedbegleitung und [&hellip;]<\/p>\n","protected":false},"author":1,"featured_media":0,"parent":0,"menu_order":0,"comment_status":"closed","ping_status":"closed","template":"elementor_canvas","meta":{"footnotes":""},"class_list":["post-11","page","type-page","status-publish","hentry"],"_links":{"self":[{"href":"https:\/\/johanneswallbaum.de\/index.php?rest_route=\/wp\/v2\/pages\/11","targetHints":{"allow":["GET"]}}],"collection":[{"href":"https:\/\/johanneswallbaum.de\/index.php?rest_route=\/wp\/v2\/pages"}],"about":[{"href":"https:\/\/johanneswallbaum.de\/index.php?rest_route=\/wp\/v2\/types\/page"}],"author":[{"embeddable":true,"href":"https:\/\/johanneswallbaum.de\/index.php?rest_route=\/wp\/v2\/users\/1"}],"replies":[{"embeddable":true,"href":"https:\/\/johanneswallbaum.de\/index.php?rest_route=%2Fwp%2Fv2%2Fcomments&post=11"}],"version-history":[{"count":180,"href":"https:\/\/johanneswallbaum.de\/index.php?rest_route=\/wp\/v2\/pages\/11\/revisions"}],"predecessor-version":[{"id":245,"href":"https:\/\/johanneswallbaum.de\/index.php?rest_route=\/wp\/v2\/pages\/11\/revisions\/245"}],"wp:attachment":[{"href":"https:\/\/johanneswallbaum.de\/index.php?rest_route=%2Fwp%2Fv2%2Fmedia&parent=11"}],"curies":[{"name":"wp","href":"https:\/\/api.w.org\/{rel}","templated":true}]}}